{"id":1156,"date":"2021-07-07T14:38:49","date_gmt":"2021-07-07T12:38:49","guid":{"rendered":"http:\/\/b311n-b313.de\/?page_id=1156"},"modified":"2024-08-02T10:55:48","modified_gmt":"2024-08-02T08:55:48","slug":"impressum","status":"publish","type":"page","link":"https:\/\/b311n-b313.de\/impressum","title":{"rendered":"Impressum"},"content":{"rendered":"\t\t<div data-elementor-type=\"wp-page\" data-elementor-id=\"1156\" class=\"elementor elementor-1156\" data-elementor-post-type=\"page\">\n\t\t\t\t\t\t<section class=\"elementor-section elementor-top-section elementor-element elementor-element-2621e56 elementor-section-boxed elementor-section-height-default elementor-section-height-default\" data-id=\"2621e56\" data-element_type=\"section\">\n\t\t\t\t\t\t<div class=\"elementor-container elementor-column-gap-default\">\n\t\t\t\t\t<div class=\"elementor-column elementor-col-100 elementor-top-column elementor-element elementor-element-7e599cb2\" data-id=\"7e599cb2\" data-element_type=\"column\" data-settings=\"{&quot;background_background&quot;:&quot;classic&quot;}\">\n\t\t\t<div class=\"elementor-widget-wrap elementor-element-populated\">\n\t\t\t\t\t\t<div class=\"elementor-element elementor-element-4a724e06 elementor-widget elementor-widget-heading\" data-id=\"4a724e06\" data-element_type=\"widget\" data-widget_type=\"heading.default\">\n\t\t\t\t<div class=\"elementor-widget-container\">\n\t\t\t<h1 class=\"elementor-heading-title elementor-size-default\">Impressum<\/h1>\t\t<\/div>\n\t\t\t\t<\/div>\n\t\t\t\t\t<\/div>\n\t\t<\/div>\n\t\t\t\t\t<\/div>\n\t\t<\/section>\n\t\t\t\t<section class=\"elementor-section elementor-top-section elementor-element elementor-element-2c1dc70 elementor-section-boxed elementor-section-height-default elementor-section-height-default\" data-id=\"2c1dc70\" data-element_type=\"section\">\n\t\t\t\t\t\t<div class=\"elementor-container elementor-column-gap-default\">\n\t\t\t\t\t<div class=\"elementor-column elementor-col-100 elementor-top-column elementor-element elementor-element-18efe540\" data-id=\"18efe540\" data-element_type=\"column\">\n\t\t\t<div class=\"elementor-widget-wrap elementor-element-populated\">\n\t\t\t\t\t\t<div class=\"elementor-element elementor-element-4e3282b elementor-widget elementor-widget-heading\" data-id=\"4e3282b\" data-element_type=\"widget\" data-widget_type=\"heading.default\">\n\t\t\t\t<div class=\"elementor-widget-container\">\n\t\t\t<h2 class=\"elementor-heading-title elementor-size-default\">Herausgeber<\/h2>\t\t<\/div>\n\t\t\t\t<\/div>\n\t\t\t\t<div class=\"elementor-element elementor-element-27f7055e elementor-widget elementor-widget-text-editor\" data-id=\"27f7055e\" data-element_type=\"widget\" data-widget_type=\"text-editor.default\">\n\t\t\t\t<div class=\"elementor-widget-container\">\n\t\t\t\t\t\t\t<p>team ewen GbR \/ ewen horelt knapstein lenz sch\u00f6nfelder<\/p><p>H\u00fcgelstra\u00dfe 19<br \/>D 64283 Darmstadt<\/p><p><strong>Kontakt<\/strong><br \/>Telefon: +49 (0)6151 275 100-0<br \/>Email: mail@team-ewen.de<\/p><p>Im Auftrag des Landkreis Sigmaringen<\/p>\t\t\t\t\t\t<\/div>\n\t\t\t\t<\/div>\n\t\t\t\t\t<\/div>\n\t\t<\/div>\n\t\t\t\t\t<\/div>\n\t\t<\/section>\n\t\t\t\t<section class=\"elementor-section elementor-top-section elementor-element elementor-element-3f8e39e elementor-section-boxed elementor-section-height-default elementor-section-height-default\" data-id=\"3f8e39e\" data-element_type=\"section\">\n\t\t\t\t\t\t<div class=\"elementor-container elementor-column-gap-default\">\n\t\t\t\t\t<div class=\"elementor-column elementor-col-100 elementor-top-column elementor-element elementor-element-b6ed4a1\" data-id=\"b6ed4a1\" data-element_type=\"column\">\n\t\t\t<div class=\"elementor-widget-wrap elementor-element-populated\">\n\t\t\t\t\t\t<div class=\"elementor-element elementor-element-04a2751 elementor-widget elementor-widget-heading\" data-id=\"04a2751\" data-element_type=\"widget\" data-widget_type=\"heading.default\">\n\t\t\t\t<div class=\"elementor-widget-container\">\n\t\t\t<h2 class=\"elementor-heading-title elementor-size-default\">Verpflichtende Angaben nach \u00a7 5 Telemediengesetz<\/h2>\t\t<\/div>\n\t\t\t\t<\/div>\n\t\t\t\t<div class=\"elementor-element elementor-element-d0ed18c elementor-widget elementor-widget-text-editor\" data-id=\"d0ed18c\" data-element_type=\"widget\" data-widget_type=\"text-editor.default\">\n\t\t\t\t<div class=\"elementor-widget-container\">\n\t\t\t\t\t\t\t<p>Umsatzsteuer-Identifikationsnummer gem\u00e4\u00df \u00a7 27a Umsatzsteuergesetz: DE309853125<\/p>\n<p>Gesch\u00e4ftsf\u00fchrer: Dr. Christoph Ewen, Dr. Michel Horelt, Carla Sch\u00f6nfelder, Jakob Lenz Yvonne Knapstein<\/p>\n<p>Inhaltlich Verantwortliche: Yvonne Knapstein, Fridtjof Ilgner<\/p>\t\t\t\t\t\t<\/div>\n\t\t\t\t<\/div>\n\t\t\t\t\t<\/div>\n\t\t<\/div>\n\t\t\t\t\t<\/div>\n\t\t<\/section>\n\t\t\t\t<section class=\"elementor-section elementor-top-section elementor-element elementor-element-dbb36ca elementor-section-boxed elementor-section-height-default elementor-section-height-default\" data-id=\"dbb36ca\" data-element_type=\"section\">\n\t\t\t\t\t\t<div class=\"elementor-container elementor-column-gap-default\">\n\t\t\t\t\t<div class=\"elementor-column elementor-col-100 elementor-top-column elementor-element elementor-element-2fdbab5\" data-id=\"2fdbab5\" data-element_type=\"column\">\n\t\t\t<div class=\"elementor-widget-wrap elementor-element-populated\">\n\t\t\t\t\t\t<div class=\"elementor-element elementor-element-91930ec elementor-widget elementor-widget-heading\" data-id=\"91930ec\" data-element_type=\"widget\" data-widget_type=\"heading.default\">\n\t\t\t\t<div class=\"elementor-widget-container\">\n\t\t\t<h2 class=\"elementor-heading-title elementor-size-default\">Haftungshinweis<\/h2>\t\t<\/div>\n\t\t\t\t<\/div>\n\t\t\t\t<div class=\"elementor-element elementor-element-7d49e18 elementor-widget elementor-widget-text-editor\" data-id=\"7d49e18\" data-element_type=\"widget\" data-widget_type=\"text-editor.default\">\n\t\t\t\t<div class=\"elementor-widget-container\">\n\t\t\t\t\t\t\tTrotz sorgf\u00e4ltiger inhaltlicher Kontrolle \u00fcbernehmen wir keine Haftung f\u00fcr die Inhalte externer Links. F\u00fcr den Inhalt der verlinkten Seiten sind ausschlie\u00dflich deren Betreiber verantwortlich.\t\t\t\t\t\t<\/div>\n\t\t\t\t<\/div>\n\t\t\t\t\t<\/div>\n\t\t<\/div>\n\t\t\t\t\t<\/div>\n\t\t<\/section>\n\t\t\t\t<section class=\"elementor-section elementor-top-section elementor-element elementor-element-93ab36e elementor-section-boxed elementor-section-height-default elementor-section-height-default\" data-id=\"93ab36e\" data-element_type=\"section\">\n\t\t\t\t\t\t<div class=\"elementor-container elementor-column-gap-default\">\n\t\t\t\t\t<div class=\"elementor-column elementor-col-100 elementor-top-column elementor-element elementor-element-30c8827\" data-id=\"30c8827\" data-element_type=\"column\">\n\t\t\t<div class=\"elementor-widget-wrap elementor-element-populated\">\n\t\t\t\t\t\t<div class=\"elementor-element elementor-element-8e24285 elementor-widget elementor-widget-heading\" data-id=\"8e24285\" data-element_type=\"widget\" data-widget_type=\"heading.default\">\n\t\t\t\t<div class=\"elementor-widget-container\">\n\t\t\t<h2 class=\"elementor-heading-title elementor-size-default\">Umsetzung & Betrieb<\/h2>\t\t<\/div>\n\t\t\t\t<\/div>\n\t\t\t\t<div class=\"elementor-element elementor-element-cf34d0e elementor-widget elementor-widget-text-editor\" data-id=\"cf34d0e\" data-element_type=\"widget\" data-widget_type=\"text-editor.default\">\n\t\t\t\t<div class=\"elementor-widget-container\">\n\t\t\t\t\t\t\t<p>Inspirationlabs GmbH<\/p><p>Rohrbacher Str. 79<br \/>69115 Heidelberg<br \/>inspirationlabs.com<\/p>\t\t\t\t\t\t<\/div>\n\t\t\t\t<\/div>\n\t\t\t\t\t<\/div>\n\t\t<\/div>\n\t\t\t\t\t<\/div>\n\t\t<\/section>\n\t\t\t\t<\/div>\n\t\t","protected":false},"excerpt":{"rendered":"<p>Herausgeber team ewen GbR \/ ewen horelt knapstein lenz sch\u00f6nfelder H\u00fcgelstra\u00dfe 19D 64283 Darmstadt KontaktTelefon: +49 (0)6151 275 100-0Email: mail@team-ewen.de Im Auftrag des Landkreis Sigmaringen Verpflichtende Angaben nach \u00a7 5 Telemediengesetz Umsatzsteuer-Identifikationsnummer gem\u00e4\u00df \u00a7 27a Umsatzsteuergesetz: DE309853125 Gesch\u00e4ftsf\u00fchrer: Dr. Christoph Ewen, Dr. Michel Horelt, Carla Sch\u00f6nfelder, Jakob Lenz Yvonne Knapstein Inhaltlich Verantwortliche: Yvonne Knapstein, Fridtjof [&hellip;]<\/p>\n","protected":false},"author":1,"featured_media":0,"parent":0,"menu_order":0,"comment_status":"closed","ping_status":"closed","template":"elementor_header_footer","meta":{"_acf_changed":false,"_searchwp_excluded":"","footnotes":""},"categories":[],"tags":[],"class_list":["post-1156","page","type-page","status-publish","hentry"],"acf":[],"_links":{"self":[{"href":"https:\/\/b311n-b313.de\/index.php?rest_route=\/wp\/v2\/pages\/1156","targetHints":{"allow":["GET"]}}],"collection":[{"href":"https:\/\/b311n-b313.de\/index.php?rest_route=\/wp\/v2\/pages"}],"about":[{"href":"https:\/\/b311n-b313.de\/index.php?rest_route=\/wp\/v2\/types\/page"}],"author":[{"embeddable":true,"href":"https:\/\/b311n-b313.de\/index.php?rest_route=\/wp\/v2\/users\/1"}],"replies":[{"embeddable":true,"href":"https:\/\/b311n-b313.de\/index.php?rest_route=%2Fwp%2Fv2%2Fcomments&post=1156"}],"version-history":[{"count":20,"href":"https:\/\/b311n-b313.de\/index.php?rest_route=\/wp\/v2\/pages\/1156\/revisions"}],"predecessor-version":[{"id":2582,"href":"https:\/\/b311n-b313.de\/index.php?rest_route=\/wp\/v2\/pages\/1156\/revisions\/2582"}],"wp:attachment":[{"href":"https:\/\/b311n-b313.de\/index.php?rest_route=%2Fwp%2Fv2%2Fmedia&parent=1156"}],"wp:term":[{"taxonomy":"category","embeddable":true,"href":"https:\/\/b311n-b313.de\/index.php?rest_route=%2Fwp%2Fv2%2Fcategories&post=1156"},{"taxonomy":"post_tag","embeddable":true,"href":"https:\/\/b311n-b313.de\/index.php?rest_route=%2Fwp%2Fv2%2Ftags&post=1156"}],"curies":[{"name":"wp","href":"https:\/\/api.w.org\/{rel}","templated":true}]}}