{"id":319,"date":"2021-05-06T20:42:03","date_gmt":"2021-05-06T18:42:03","guid":{"rendered":"http:\/\/b311n-b313.de\/?page_id=319"},"modified":"2022-10-07T17:48:35","modified_gmt":"2022-10-07T15:48:35","slug":"elementor-319","status":"publish","type":"page","link":"https:\/\/b311n-b313.de\/?page_id=319","title":{"rendered":"Beratender Begleitkreis"},"content":{"rendered":"\t\t<div data-elementor-type=\"wp-page\" data-elementor-id=\"319\" class=\"elementor elementor-319\" data-elementor-post-type=\"page\">\n\t\t\t\t\t\t<section class=\"elementor-section elementor-top-section elementor-element elementor-element-cbf68f9 elementor-section-boxed elementor-section-height-default elementor-section-height-default\" data-id=\"cbf68f9\" data-element_type=\"section\">\n\t\t\t\t\t\t<div class=\"elementor-container elementor-column-gap-default\">\n\t\t\t\t\t<div class=\"elementor-column elementor-col-50 elementor-top-column elementor-element elementor-element-6f30d5a\" data-id=\"6f30d5a\" data-element_type=\"column\" data-settings=\"{&quot;background_background&quot;:&quot;classic&quot;}\">\n\t\t\t<div class=\"elementor-widget-wrap\">\n\t\t\t\t\t\t\t<\/div>\n\t\t<\/div>\n\t\t\t\t<div class=\"elementor-column elementor-col-50 elementor-top-column elementor-element elementor-element-94900af\" data-id=\"94900af\" data-element_type=\"column\" data-settings=\"{&quot;background_background&quot;:&quot;classic&quot;}\">\n\t\t\t<div class=\"elementor-widget-wrap elementor-element-populated\">\n\t\t\t\t\t\t<div class=\"elementor-element elementor-element-17b03b4 elementor-widget elementor-widget-heading\" data-id=\"17b03b4\" data-element_type=\"widget\" data-widget_type=\"heading.default\">\n\t\t\t\t<div class=\"elementor-widget-container\">\n\t\t\t<h3 class=\"elementor-heading-title elementor-size-default\"><a href=\"https:\/\/b311n-b313.de\/?page_id=12\">Dialog<\/a><\/h3>\t\t<\/div>\n\t\t\t\t<\/div>\n\t\t\t\t<div class=\"elementor-element elementor-element-2bc9e75 elementor-widget elementor-widget-heading\" data-id=\"2bc9e75\" data-element_type=\"widget\" data-widget_type=\"heading.default\">\n\t\t\t\t<div class=\"elementor-widget-container\">\n\t\t\t<h1 class=\"elementor-heading-title elementor-size-default\">Beratender Begleitkreis<\/h1>\t\t<\/div>\n\t\t\t\t<\/div>\n\t\t\t\t\t<\/div>\n\t\t<\/div>\n\t\t\t\t\t<\/div>\n\t\t<\/section>\n\t\t\t\t<section class=\"elementor-section elementor-top-section elementor-element elementor-element-a4aecd4 elementor-section-boxed elementor-section-height-default elementor-section-height-default\" data-id=\"a4aecd4\" data-element_type=\"section\">\n\t\t\t\t\t\t<div class=\"elementor-container elementor-column-gap-default\">\n\t\t\t\t\t<div class=\"elementor-column elementor-col-100 elementor-top-column elementor-element elementor-element-236980a\" data-id=\"236980a\" data-element_type=\"column\">\n\t\t\t<div class=\"elementor-widget-wrap elementor-element-populated\">\n\t\t\t\t\t\t<div class=\"elementor-element elementor-element-a9d00a5 elementor-widget elementor-widget-text-editor\" data-id=\"a9d00a5\" data-element_type=\"widget\" data-widget_type=\"text-editor.default\">\n\t\t\t\t<div class=\"elementor-widget-container\">\n\t\t\t\t\t\t\t<p>Seine Aufgabe ist es, die politischen Vorstellungen der Region in die Planung einflie\u00dfen zu lassen und Verst\u00e4ndnis f\u00fcr die Planung in der Region zu schaffen.<br \/>Ziel ist die Beteiligung der politischen Repr\u00e4sentanten aus dem Raum sowie deren Funktion als Bindeglied und Multiplikator zwischen den Planern, den B\u00fcrgern sowie der Raumschaft zu st\u00e4rken.<\/p><p>Mitglieder sind:<\/p><ul><li>B\u00fcrgermeister der Kommunen Inzigkofen, Krauchenwies, Mengen, Me\u00dfkirch, Scheer, Sigmaringen, Sigmaringendorf<\/li><li>Kreistagsvorsitzende der Fraktionen CDU, FWV, B\u00fcndnis 90\/Die Gr\u00fcnen, SPD<\/li><li>Regionalverband Bodensee-Oberschwaben<\/li><li>IHK Bodensee-Oberschwaben<\/li><\/ul>\t\t\t\t\t\t<\/div>\n\t\t\t\t<\/div>\n\t\t\t\t\t<\/div>\n\t\t<\/div>\n\t\t\t\t\t<\/div>\n\t\t<\/section>\n\t\t\t\t<\/div>\n\t\t","protected":false},"excerpt":{"rendered":"<p>Dialog Beratender Begleitkreis Seine Aufgabe ist es, die politischen Vorstellungen der Region in die Planung einflie\u00dfen zu lassen und Verst\u00e4ndnis f\u00fcr die Planung in der Region zu schaffen.Ziel ist die Beteiligung der politischen Repr\u00e4sentanten aus dem Raum sowie deren Funktion als Bindeglied und Multiplikator zwischen den Planern, den B\u00fcrgern sowie der Raumschaft zu st\u00e4rken. Mitglieder [&hellip;]<\/p>\n","protected":false},"author":1,"featured_media":0,"parent":0,"menu_order":0,"comment_status":"closed","ping_status":"closed","template":"elementor_header_footer","meta":{"_acf_changed":false,"_searchwp_excluded":"","footnotes":""},"categories":[27,28],"tags":[],"class_list":["post-319","page","type-page","status-publish","hentry","category-facharbeitskreis-umwelt","category-facharbeitskreis-verkehr"],"acf":[],"_links":{"self":[{"href":"https:\/\/b311n-b313.de\/index.php?rest_route=\/wp\/v2\/pages\/319","targetHints":{"allow":["GET"]}}],"collection":[{"href":"https:\/\/b311n-b313.de\/index.php?rest_route=\/wp\/v2\/pages"}],"about":[{"href":"https:\/\/b311n-b313.de\/index.php?rest_route=\/wp\/v2\/types\/page"}],"author":[{"embeddable":true,"href":"https:\/\/b311n-b313.de\/index.php?rest_route=\/wp\/v2\/users\/1"}],"replies":[{"embeddable":true,"href":"https:\/\/b311n-b313.de\/index.php?rest_route=%2Fwp%2Fv2%2Fcomments&post=319"}],"version-history":[{"count":35,"href":"https:\/\/b311n-b313.de\/index.php?rest_route=\/wp\/v2\/pages\/319\/revisions"}],"predecessor-version":[{"id":1196,"href":"https:\/\/b311n-b313.de\/index.php?rest_route=\/wp\/v2\/pages\/319\/revisions\/1196"}],"wp:attachment":[{"href":"https:\/\/b311n-b313.de\/index.php?rest_route=%2Fwp%2Fv2%2Fmedia&parent=319"}],"wp:term":[{"taxonomy":"category","embeddable":true,"href":"https:\/\/b311n-b313.de\/index.php?rest_route=%2Fwp%2Fv2%2Fcategories&post=319"},{"taxonomy":"post_tag","embeddable":true,"href":"https:\/\/b311n-b313.de\/index.php?rest_route=%2Fwp%2Fv2%2Ftags&post=319"}],"curies":[{"name":"wp","href":"https:\/\/api.w.org\/{rel}","templated":true}]}}