{"id":769,"date":"2021-07-06T21:58:12","date_gmt":"2021-07-06T19:58:12","guid":{"rendered":"http:\/\/b311n-b313.de\/?page_id=769"},"modified":"2022-10-03T12:37:04","modified_gmt":"2022-10-03T10:37:04","slug":"technische-planung","status":"publish","type":"page","link":"https:\/\/b311n-b313.de\/planung\/technische-planung","title":{"rendered":"Technische Planung"},"content":{"rendered":"\t\t<div data-elementor-type=\"wp-page\" data-elementor-id=\"769\" class=\"elementor elementor-769\" data-elementor-post-type=\"page\">\n\t\t\t\t\t\t<section class=\"elementor-section elementor-top-section elementor-element elementor-element-cbf68f9 elementor-section-boxed elementor-section-height-default elementor-section-height-default\" data-id=\"cbf68f9\" data-element_type=\"section\">\n\t\t\t\t\t\t<div class=\"elementor-container elementor-column-gap-default\">\n\t\t\t\t\t<div class=\"elementor-column elementor-col-50 elementor-top-column elementor-element elementor-element-6f30d5a\" data-id=\"6f30d5a\" data-element_type=\"column\" data-settings=\"{&quot;background_background&quot;:&quot;classic&quot;}\">\n\t\t\t<div class=\"elementor-widget-wrap\">\n\t\t\t\t\t\t\t<\/div>\n\t\t<\/div>\n\t\t\t\t<div class=\"elementor-column elementor-col-50 elementor-top-column elementor-element elementor-element-94900af\" data-id=\"94900af\" data-element_type=\"column\" data-settings=\"{&quot;background_background&quot;:&quot;classic&quot;}\">\n\t\t\t<div class=\"elementor-widget-wrap elementor-element-populated\">\n\t\t\t\t\t\t<div class=\"elementor-element elementor-element-17b03b4 elementor-widget elementor-widget-heading\" data-id=\"17b03b4\" data-element_type=\"widget\" data-widget_type=\"heading.default\">\n\t\t\t\t<div class=\"elementor-widget-container\">\n\t\t\t<h3 class=\"elementor-heading-title elementor-size-default\"><a href=\"https:\/\/b311n-b313.de\/planung\">Planung<\/a><\/h3>\t\t<\/div>\n\t\t\t\t<\/div>\n\t\t\t\t<div class=\"elementor-element elementor-element-2bc9e75 elementor-widget elementor-widget-heading\" data-id=\"2bc9e75\" data-element_type=\"widget\" data-widget_type=\"heading.default\">\n\t\t\t\t<div class=\"elementor-widget-container\">\n\t\t\t<h1 class=\"elementor-heading-title elementor-size-default\">Technische Planung<\/h1>\t\t<\/div>\n\t\t\t\t<\/div>\n\t\t\t\t\t<\/div>\n\t\t<\/div>\n\t\t\t\t\t<\/div>\n\t\t<\/section>\n\t\t\t\t<section class=\"elementor-section elementor-top-section elementor-element elementor-element-a4aecd4 elementor-section-boxed elementor-section-height-default elementor-section-height-default\" data-id=\"a4aecd4\" data-element_type=\"section\">\n\t\t\t\t\t\t<div class=\"elementor-container elementor-column-gap-default\">\n\t\t\t\t\t<div class=\"elementor-column elementor-col-100 elementor-top-column elementor-element elementor-element-236980a\" data-id=\"236980a\" data-element_type=\"column\">\n\t\t\t<div class=\"elementor-widget-wrap elementor-element-populated\">\n\t\t\t\t\t\t<div class=\"elementor-element elementor-element-a9d00a5 elementor-widget elementor-widget-text-editor\" data-id=\"a9d00a5\" data-element_type=\"widget\" data-widget_type=\"text-editor.default\">\n\t\t\t\t<div class=\"elementor-widget-container\">\n\t\t\t\t\t\t\t<p>Aufgabe ist, die in die engere Wahl kommenden Varianten genauer zu definieren und vorl\u00e4ufige \u201eBaupl\u00e4ne\u201c zu erstellen. Auch die Kosten sind abzusch\u00e4tzen.<\/p><p>Die technische Planung konstruiert, wo und wie die Stra\u00dfe konkret verl\u00e4uft: in Kurven oder Geraden, \u00fcber Br\u00fcckenbauwerke, mit welcher Steigung, im Einschnitt oder auf dem Damm? Dies ist auch wichtig f\u00fcr die Beantwortung der Frage, wo wieviel L\u00e4rm ankommen wird. Daher muss die technische Planung fr\u00fchzeitig die in die engere Wahl kommenden Varianten konkretisieren \u2013 und dann die Kosten absch\u00e4tzen, denn die sind auch entscheidungsrelevant.<\/p><p>Was muss ein solcher Plan f\u00fcr die Varianten der neuen B311\/B313 enthalten?<\/p><ul><li>den \u201e<strong>Querschnitt<\/strong>\u201c der Stra\u00dfe mit der Anzahl der Fahrstreifen je Fahrtrichtung und evtl. Standstreifen,<\/li><li>die <strong>Lage und H\u00f6he<\/strong> der Stra\u00dfe. Sie bedingen zusammen mit dem Querschnitt den Fl\u00e4chenverbrauch und die Erdmassen, die bewegt werden m\u00fcssen und in Kombination mit den prognostizierten Verkehrsmengen die Auswirkungen auf den Menschen und Umwelt (z.B. L\u00e4rm, Schadstoffe).<\/li><li><strong>Auf- und Abfahrten, Kreuzungen und Anschl\u00fcsse<\/strong> an die anderen Stra\u00dfen. Wo sind sie verkehrlich sinnvoll und wo passen sie hin? Und wie viel Fl\u00e4che nehmen sie in Anspruch?<\/li><li>die notwendigen <strong>Entw\u00e4sserungseinrichtungen<\/strong> und \u201e<strong>Ingenieurbauwerke<\/strong>\u201c wie Br\u00fccken, Gew\u00e4sserdurchl\u00e4sse, L\u00e4rmschutzeinrichtungen, Tunnel oder R\u00fcckhaltebecken. Die Kosten h\u00e4ngen entscheidend davon ab, wie viele solcher Bauwerke in welcher Dimension erforderlich werden.<\/li><\/ul>\t\t\t\t\t\t<\/div>\n\t\t\t\t<\/div>\n\t\t\t\t\t<\/div>\n\t\t<\/div>\n\t\t\t\t\t<\/div>\n\t\t<\/section>\n\t\t\t\t<\/div>\n\t\t","protected":false},"excerpt":{"rendered":"<p>Planung Technische Planung Aufgabe ist, die in die engere Wahl kommenden Varianten genauer zu definieren und vorl\u00e4ufige \u201eBaupl\u00e4ne\u201c zu erstellen. Auch die Kosten sind abzusch\u00e4tzen. Die technische Planung konstruiert, wo und wie die Stra\u00dfe konkret verl\u00e4uft: in Kurven oder Geraden, \u00fcber Br\u00fcckenbauwerke, mit welcher Steigung, im Einschnitt oder auf dem Damm? Dies ist auch wichtig [&hellip;]<\/p>\n","protected":false},"author":1,"featured_media":0,"parent":0,"menu_order":0,"comment_status":"closed","ping_status":"closed","template":"elementor_header_footer","meta":{"_acf_changed":false,"_searchwp_excluded":"","footnotes":""},"categories":[1],"tags":[],"class_list":["post-769","page","type-page","status-publish","hentry","category-uncategorized"],"acf":[],"_links":{"self":[{"href":"https:\/\/b311n-b313.de\/index.php?rest_route=\/wp\/v2\/pages\/769","targetHints":{"allow":["GET"]}}],"collection":[{"href":"https:\/\/b311n-b313.de\/index.php?rest_route=\/wp\/v2\/pages"}],"about":[{"href":"https:\/\/b311n-b313.de\/index.php?rest_route=\/wp\/v2\/types\/page"}],"author":[{"embeddable":true,"href":"https:\/\/b311n-b313.de\/index.php?rest_route=\/wp\/v2\/users\/1"}],"replies":[{"embeddable":true,"href":"https:\/\/b311n-b313.de\/index.php?rest_route=%2Fwp%2Fv2%2Fcomments&post=769"}],"version-history":[{"count":14,"href":"https:\/\/b311n-b313.de\/index.php?rest_route=\/wp\/v2\/pages\/769\/revisions"}],"predecessor-version":[{"id":2057,"href":"https:\/\/b311n-b313.de\/index.php?rest_route=\/wp\/v2\/pages\/769\/revisions\/2057"}],"wp:attachment":[{"href":"https:\/\/b311n-b313.de\/index.php?rest_route=%2Fwp%2Fv2%2Fmedia&parent=769"}],"wp:term":[{"taxonomy":"category","embeddable":true,"href":"https:\/\/b311n-b313.de\/index.php?rest_route=%2Fwp%2Fv2%2Fcategories&post=769"},{"taxonomy":"post_tag","embeddable":true,"href":"https:\/\/b311n-b313.de\/index.php?rest_route=%2Fwp%2Fv2%2Ftags&post=769"}],"curies":[{"name":"wp","href":"https:\/\/api.w.org\/{rel}","templated":true}]}}